{"id":8828,"date":"2022-02-07T15:38:27","date_gmt":"2022-02-07T15:38:27","guid":{"rendered":"https:\/\/madonie.tourismmarketing.agency\/homepage-two\/"},"modified":"2026-03-21T13:33:48","modified_gmt":"2026-03-21T13:33:48","slug":"homepage-two","status":"publish","type":"page","link":"https:\/\/madonieexplorers.com\/fr\/","title":{"rendered":"Homepage fr"},"content":{"rendered":"","protected":false},"excerpt":{"rendered":"","protected":false},"author":1,"featured_media":18093,"parent":0,"menu_order":0,"comment_status":"closed","ping_status":"closed","template":"","meta":{"inline_featured_image":false,"footnotes":""},"class_list":["post-8828","page","type-page","status-publish","has-post-thumbnail","hentry"],"yoast_head":"<!-- This site is optimized with the Yoast SEO plugin v27.2 - https:\/\/yoast.com\/product\/yoast-seo-wordpress\/ -->\n<title>Randonn\u00e9es &amp; Exp\u00e9riences dans le Parc des Madonies en Sicile<\/title>\n<meta name=\"description\" content=\"D\u00e9couvrez le Parc des Madonies en Sicile, \u00e0 30 minutes de Cefal\u00f9, en compagnie de nos guides francophones. Nous sommes ouverts toute l&#039;ann\u00e9e !\" \/>\n<meta name=\"robots\" content=\"index, follow, max-snippet:-1, max-image-preview:large, max-video-preview:-1\" \/>\n<link rel=\"canonical\" href=\"https:\/\/madonieexplorers.com\/fr\/\" \/>\n<meta property=\"og:locale\" content=\"fr_FR\" \/>\n<meta property=\"og:type\" content=\"article\" \/>\n<meta property=\"og:title\" content=\"Randonn\u00e9es &amp; Exp\u00e9riences dans le Parc des Madonies en Sicile\" \/>\n<meta property=\"og:description\" content=\"D\u00e9couvrez le Parc des Madonies en Sicile, \u00e0 30 minutes de Cefal\u00f9, en compagnie de nos guides francophones. Nous sommes ouverts toute l&#039;ann\u00e9e !\" \/>\n<meta property=\"og:url\" content=\"https:\/\/madonieexplorers.com\/fr\/\" \/>\n<meta property=\"og:site_name\" content=\"Madonie Explorers\" \/>\n<meta property=\"article:modified_time\" content=\"2026-03-21T13:33:48+00:00\" \/>\n<meta property=\"og:image\" content=\"https:\/\/madonieexplorers.com\/wp-content\/uploads\/2022\/02\/Icelandic-group-coffee-break-scaled.jpg\" \/>\n\t<meta property=\"og:image:width\" content=\"2560\" \/>\n\t<meta property=\"og:image:height\" content=\"1440\" \/>\n\t<meta property=\"og:image:type\" content=\"image\/jpeg\" \/>\n<meta name=\"twitter:card\" content=\"summary_large_image\" \/>\n<meta name=\"twitter:label1\" content=\"Dur\u00e9e de lecture estim\u00e9e\" \/>\n\t<meta name=\"twitter:data1\" content=\"4 minutes\" \/>\n<script type=\"application\/ld+json\" class=\"yoast-schema-graph\">{\"@context\":\"https:\/\/schema.org\",\"@graph\":[{\"@type\":\"WebPage\",\"@id\":\"https:\/\/madonieexplorers.com\/fr\/\",\"url\":\"https:\/\/madonieexplorers.com\/fr\/\",\"name\":\"Randonn\u00e9es & Exp\u00e9riences dans le Parc des Madonies en Sicile\",\"isPartOf\":{\"@id\":\"https:\/\/madonieexplorers.com\/fr\/#website\"},\"primaryImageOfPage\":{\"@id\":\"https:\/\/madonieexplorers.com\/fr\/#primaryimage\"},\"image\":{\"@id\":\"https:\/\/madonieexplorers.com\/fr\/#primaryimage\"},\"thumbnailUrl\":\"https:\/\/madonieexplorers.com\/wp-content\/uploads\/2022\/02\/Icelandic-group-coffee-break-scaled.jpg\",\"datePublished\":\"2022-02-07T15:38:27+00:00\",\"dateModified\":\"2026-03-21T13:33:48+00:00\",\"description\":\"D\u00e9couvrez le Parc des Madonies en Sicile, \u00e0 30 minutes de Cefal\u00f9, en compagnie de nos guides francophones. Nous sommes ouverts toute l'ann\u00e9e !\",\"breadcrumb\":{\"@id\":\"https:\/\/madonieexplorers.com\/fr\/#breadcrumb\"},\"inLanguage\":\"fr-FR\",\"potentialAction\":[{\"@type\":\"ReadAction\",\"target\":[\"https:\/\/madonieexplorers.com\/fr\/\"]}]},{\"@type\":\"ImageObject\",\"inLanguage\":\"fr-FR\",\"@id\":\"https:\/\/madonieexplorers.com\/fr\/#primaryimage\",\"url\":\"https:\/\/madonieexplorers.com\/wp-content\/uploads\/2022\/02\/Icelandic-group-coffee-break-scaled.jpg\",\"contentUrl\":\"https:\/\/madonieexplorers.com\/wp-content\/uploads\/2022\/02\/Icelandic-group-coffee-break-scaled.jpg\",\"width\":2560,\"height\":1440},{\"@type\":\"BreadcrumbList\",\"@id\":\"https:\/\/madonieexplorers.com\/fr\/#breadcrumb\",\"itemListElement\":[{\"@type\":\"ListItem\",\"position\":1,\"name\":\"Home\",\"item\":\"https:\/\/madonieexplorers.com\/fr\/\"},{\"@type\":\"ListItem\",\"position\":2,\"name\":\"Homepage fr\"}]},{\"@type\":\"WebSite\",\"@id\":\"https:\/\/madonieexplorers.com\/fr\/#website\",\"url\":\"https:\/\/madonieexplorers.com\/fr\/\",\"name\":\"Madonie Explorers\",\"description\":\"Excursions and experiences in the Madonie Park in Sicily\",\"publisher\":{\"@id\":\"https:\/\/madonieexplorers.com\/fr\/#organization\"},\"potentialAction\":[{\"@type\":\"SearchAction\",\"target\":{\"@type\":\"EntryPoint\",\"urlTemplate\":\"https:\/\/madonieexplorers.com\/fr\/?s={search_term_string}\"},\"query-input\":{\"@type\":\"PropertyValueSpecification\",\"valueRequired\":true,\"valueName\":\"search_term_string\"}}],\"inLanguage\":\"fr-FR\"},{\"@type\":\"Organization\",\"@id\":\"https:\/\/madonieexplorers.com\/fr\/#organization\",\"name\":\"Madonie Explorers - Randonner devient une exp\u00e9rience !\",\"url\":\"https:\/\/madonieexplorers.com\/fr\/\",\"logo\":{\"@type\":\"ImageObject\",\"inLanguage\":\"fr-FR\",\"@id\":\"https:\/\/madonieexplorers.com\/fr\/#\/schema\/logo\/image\/\",\"url\":\"https:\/\/madonieexplorers.com\/wp-content\/uploads\/2022\/03\/Madonie-Explorers.png\",\"contentUrl\":\"https:\/\/madonieexplorers.com\/wp-content\/uploads\/2022\/03\/Madonie-Explorers.png\",\"width\":512,\"height\":512,\"caption\":\"Madonie Explorers - Randonner devient une exp\u00e9rience !\"},\"image\":{\"@id\":\"https:\/\/madonieexplorers.com\/fr\/#\/schema\/logo\/image\/\"}}]}<\/script>\n<!-- \/ Yoast SEO plugin. -->","yoast_head_json":{"title":"Randonn\u00e9es & Exp\u00e9riences dans le Parc des Madonies en Sicile","description":"D\u00e9couvrez le Parc des Madonies en Sicile, \u00e0 30 minutes de Cefal\u00f9, en compagnie de nos guides francophones. Nous sommes ouverts toute l'ann\u00e9e !","robots":{"index":"index","follow":"follow","max-snippet":"max-snippet:-1","max-image-preview":"max-image-preview:large","max-video-preview":"max-video-preview:-1"},"canonical":"https:\/\/madonieexplorers.com\/fr\/","og_locale":"fr_FR","og_type":"article","og_title":"Randonn\u00e9es & Exp\u00e9riences dans le Parc des Madonies en Sicile","og_description":"D\u00e9couvrez le Parc des Madonies en Sicile, \u00e0 30 minutes de Cefal\u00f9, en compagnie de nos guides francophones. Nous sommes ouverts toute l'ann\u00e9e !","og_url":"https:\/\/madonieexplorers.com\/fr\/","og_site_name":"Madonie Explorers","article_modified_time":"2026-03-21T13:33:48+00:00","og_image":[{"width":2560,"height":1440,"url":"https:\/\/madonieexplorers.com\/wp-content\/uploads\/2022\/02\/Icelandic-group-coffee-break-scaled.jpg","type":"image\/jpeg"}],"twitter_card":"summary_large_image","twitter_misc":{"Dur\u00e9e de lecture estim\u00e9e":"4 minutes"},"schema":{"@context":"https:\/\/schema.org","@graph":[{"@type":"WebPage","@id":"https:\/\/madonieexplorers.com\/fr\/","url":"https:\/\/madonieexplorers.com\/fr\/","name":"Randonn\u00e9es & Exp\u00e9riences dans le Parc des Madonies en Sicile","isPartOf":{"@id":"https:\/\/madonieexplorers.com\/fr\/#website"},"primaryImageOfPage":{"@id":"https:\/\/madonieexplorers.com\/fr\/#primaryimage"},"image":{"@id":"https:\/\/madonieexplorers.com\/fr\/#primaryimage"},"thumbnailUrl":"https:\/\/madonieexplorers.com\/wp-content\/uploads\/2022\/02\/Icelandic-group-coffee-break-scaled.jpg","datePublished":"2022-02-07T15:38:27+00:00","dateModified":"2026-03-21T13:33:48+00:00","description":"D\u00e9couvrez le Parc des Madonies en Sicile, \u00e0 30 minutes de Cefal\u00f9, en compagnie de nos guides francophones. Nous sommes ouverts toute l'ann\u00e9e !","breadcrumb":{"@id":"https:\/\/madonieexplorers.com\/fr\/#breadcrumb"},"inLanguage":"fr-FR","potentialAction":[{"@type":"ReadAction","target":["https:\/\/madonieexplorers.com\/fr\/"]}]},{"@type":"ImageObject","inLanguage":"fr-FR","@id":"https:\/\/madonieexplorers.com\/fr\/#primaryimage","url":"https:\/\/madonieexplorers.com\/wp-content\/uploads\/2022\/02\/Icelandic-group-coffee-break-scaled.jpg","contentUrl":"https:\/\/madonieexplorers.com\/wp-content\/uploads\/2022\/02\/Icelandic-group-coffee-break-scaled.jpg","width":2560,"height":1440},{"@type":"BreadcrumbList","@id":"https:\/\/madonieexplorers.com\/fr\/#breadcrumb","itemListElement":[{"@type":"ListItem","position":1,"name":"Home","item":"https:\/\/madonieexplorers.com\/fr\/"},{"@type":"ListItem","position":2,"name":"Homepage fr"}]},{"@type":"WebSite","@id":"https:\/\/madonieexplorers.com\/fr\/#website","url":"https:\/\/madonieexplorers.com\/fr\/","name":"Madonie Explorers","description":"Excursions and experiences in the Madonie Park in Sicily","publisher":{"@id":"https:\/\/madonieexplorers.com\/fr\/#organization"},"potentialAction":[{"@type":"SearchAction","target":{"@type":"EntryPoint","urlTemplate":"https:\/\/madonieexplorers.com\/fr\/?s={search_term_string}"},"query-input":{"@type":"PropertyValueSpecification","valueRequired":true,"valueName":"search_term_string"}}],"inLanguage":"fr-FR"},{"@type":"Organization","@id":"https:\/\/madonieexplorers.com\/fr\/#organization","name":"Madonie Explorers - Randonner devient une exp\u00e9rience !","url":"https:\/\/madonieexplorers.com\/fr\/","logo":{"@type":"ImageObject","inLanguage":"fr-FR","@id":"https:\/\/madonieexplorers.com\/fr\/#\/schema\/logo\/image\/","url":"https:\/\/madonieexplorers.com\/wp-content\/uploads\/2022\/03\/Madonie-Explorers.png","contentUrl":"https:\/\/madonieexplorers.com\/wp-content\/uploads\/2022\/03\/Madonie-Explorers.png","width":512,"height":512,"caption":"Madonie Explorers - Randonner devient une exp\u00e9rience !"},"image":{"@id":"https:\/\/madonieexplorers.com\/fr\/#\/schema\/logo\/image\/"}}]}},"_links":{"self":[{"href":"https:\/\/madonieexplorers.com\/fr\/wp-json\/wp\/v2\/pages\/8828","targetHints":{"allow":["GET"]}}],"collection":[{"href":"https:\/\/madonieexplorers.com\/fr\/wp-json\/wp\/v2\/pages"}],"about":[{"href":"https:\/\/madonieexplorers.com\/fr\/wp-json\/wp\/v2\/types\/page"}],"author":[{"embeddable":true,"href":"https:\/\/madonieexplorers.com\/fr\/wp-json\/wp\/v2\/users\/1"}],"replies":[{"embeddable":true,"href":"https:\/\/madonieexplorers.com\/fr\/wp-json\/wp\/v2\/comments?post=8828"}],"version-history":[{"count":5,"href":"https:\/\/madonieexplorers.com\/fr\/wp-json\/wp\/v2\/pages\/8828\/revisions"}],"predecessor-version":[{"id":19352,"href":"https:\/\/madonieexplorers.com\/fr\/wp-json\/wp\/v2\/pages\/8828\/revisions\/19352"}],"wp:featuredmedia":[{"embeddable":true,"href":"https:\/\/madonieexplorers.com\/fr\/wp-json\/wp\/v2\/media\/18093"}],"wp:attachment":[{"href":"https:\/\/madonieexplorers.com\/fr\/wp-json\/wp\/v2\/media?parent=8828"}],"curies":[{"name":"wp","href":"https:\/\/api.w.org\/{rel}","templated":true}]}}